{"id":3998,"date":"2024-03-27T15:23:02","date_gmt":"2024-03-27T15:23:02","guid":{"rendered":"http:\/\/www.polbek.com.tr\/index.php\/thank-you\/"},"modified":"2024-03-27T15:23:02","modified_gmt":"2024-03-27T15:23:02","slug":"thank-you","status":"publish","type":"page","link":"https:\/\/www.polbek.com.tr\/index.php\/thank-you\/","title":{"rendered":"Te\u015fekk\u00fcrler"},"content":{"rendered":"<div class=\"swpm-ty-page-registration\"><div class=\"swpm-ty-page-registration-link swpm-no-user-found swpm-yellow-box\">\u00dcyelik \u00f6demesi yapt\u0131ysan\u0131z, \u00f6demeniz hen\u00fcz i\u015fleme al\u0131nmam\u0131\u015ft\u0131r. L\u00fctfen bir ka\u00e7 dakika sonra tekrar kontrol ediniz. K\u0131sa s\u00fcre i\u00e7inde ayr\u0131nt\u0131lar\u0131 i\u00e7eren bir E-Posta g\u00f6nderilecektir.<\/div><\/div>\n","protected":false},"excerpt":{"rendered":"","protected":false},"author":1,"featured_media":0,"parent":0,"menu_order":0,"comment_status":"closed","ping_status":"closed","template":"","meta":{"footnotes":""},"class_list":["post-3998","page","type-page","status-publish","hentry","page--item"],"_links":{"self":[{"href":"https:\/\/www.polbek.com.tr\/index.php\/wp-json\/wp\/v2\/pages\/3998","targetHints":{"allow":["GET"]}}],"collection":[{"href":"https:\/\/www.polbek.com.tr\/index.php\/wp-json\/wp\/v2\/pages"}],"about":[{"href":"https:\/\/www.polbek.com.tr\/index.php\/wp-json\/wp\/v2\/types\/page"}],"author":[{"embeddable":true,"href":"https:\/\/www.polbek.com.tr\/index.php\/wp-json\/wp\/v2\/users\/1"}],"replies":[{"embeddable":true,"href":"https:\/\/www.polbek.com.tr\/index.php\/wp-json\/wp\/v2\/comments?post=3998"}],"version-history":[{"count":0,"href":"https:\/\/www.polbek.com.tr\/index.php\/wp-json\/wp\/v2\/pages\/3998\/revisions"}],"wp:attachment":[{"href":"https:\/\/www.polbek.com.tr\/index.php\/wp-json\/wp\/v2\/media?parent=3998"}],"curies":[{"name":"wp","href":"https:\/\/api.w.org\/{rel}","templated":true}]}}